{"id":94,"date":"2012-12-17T18:20:56","date_gmt":"2012-12-17T17:20:56","guid":{"rendered":"http:\/\/www.pensionduboisaban.be\/?page_id=94"},"modified":"2025-08-03T13:02:48","modified_gmt":"2025-08-03T12:02:48","slug":"contact-2","status":"publish","type":"page","link":"https:\/\/www.pensionduboisaban.be\/?page_id=94","title":{"rendered":"Contact"},"content":{"rendered":"<h4 style=\"text-align: center;\"><strong>Murielle &amp; Eric<br \/>\n<\/strong><\/h4>\n<h4><\/h4>\n<h4 style=\"text-align: center;\"><strong><a href=\"https:\/\/www.facebook.com\/pensionduboisaban\/inbox\/?mailbox_id=267119380382471&amp;selected_item_id=100001225128575\">https:\/\/www.facebook.com\/pensionduboisaban\/inbox\/?mailbox_id=267119380382471&amp;selected_item_id=100001225128575<\/a>\u00a0<\/strong><\/h4>\n<h4 style=\"text-align: center;\"><span style=\"color: #ff0000;\"><strong>Gsm. Murielle : 0032(0)495-64.44.37<br \/>\n<\/strong><\/span><\/h4>\n<h4 style=\"text-align: center;\"><strong>\u00a0<\/strong><\/h4>\n<h4 style=\"text-align: center;\"><strong>\u00a0<\/strong><\/h4>\n<h4 style=\"text-align: center;\"><strong>\u00a0<\/strong><\/h4>\n<h4 style=\"text-align: center;\"><strong>Chemin du Bois \u00e0 Ban, 14<\/strong><\/h4>\n<h4 style=\"text-align: center;\"><strong>6856 FAYS-LES-VENEURS<\/strong><\/h4>\n<p style=\"text-align: center;\"><strong><a id=\"lien\" href=\"mailto:lefort_eric@skynet.be\">lefort_eric@skynet.be<\/a><\/strong><\/p>\n<h1 style=\"text-align: center;\"><strong>Belfius bank : BE50 0688 8949 8818<\/strong><\/h1>\n<h1 style=\"text-align: center;\">\u00a0<strong> BNP Paribas Fortis : BE31 0015 5245 1755<\/strong><\/h1>\n<p style=\"text-align: center;\"><strong><span style=\"text-decoration: underline;\">SUR RENDEZ-VOUS UNIQUEMENT.<\/span><\/strong><\/p>\n<p style=\"text-align: center;\"><strong>Ouvert tous les jours de 9h00 \u00e0 10h30 et de 17h00 \u00e0 19h00.<\/strong><\/p>\n<p style=\"text-align: center;\"><strong>Les dimanches et jours f\u00e9ri\u00e9s de 9h00 \u00e0 9h30.<\/strong><\/p>\n<p style=\"text-align: center;\"><strong>N\u00b0 d\u2019agr\u00e9ment DF 40800003<br \/>\n<\/strong><\/p>\n<div class=\"fcbkbttn_buttons_block\" id=\"fcbkbttn_left\"><div class=\"fcbkbttn_like \"><fb:like href=\"https:\/\/www.pensionduboisaban.be\/?page_id=94\" action=\"like\" colorscheme=\"light\" layout=\"button_count\"  size=\"small\"><\/fb:like><\/div><\/div>","protected":false},"excerpt":{"rendered":"<p>Murielle &amp; Eric https:\/\/www.facebook.com\/pensionduboisaban\/inbox\/?mailbox_id=267119380382471&amp;selected_item_id=100001225128575\u00a0 Gsm. Murielle : 0032(0)495-64.44.37 \u00a0 \u00a0 \u00a0 Chemin du Bois \u00e0 Ban, 14 6856 FAYS-LES-VENEURS lefort_eric@skynet.be Belfius bank : BE50 0688 8949 8818 \u00a0 BNP Paribas Fortis : BE31 0015 5245 1755 SUR RENDEZ-VOUS UNIQUEMENT. Ouvert &hellip; <a href=\"https:\/\/www.pensionduboisaban.be\/?page_id=94\">Continuer la lecture <span class=\"meta-nav\">&rarr;<\/span><\/a><\/p>\n","protected":false},"author":1,"featured_media":0,"parent":0,"menu_order":3,"comment_status":"closed","ping_status":"closed","template":"","meta":{"jetpack_post_was_ever_published":false,"footnotes":""},"class_list":["post-94","page","type-page","status-publish","hentry"],"jetpack_sharing_enabled":false,"jetpack_shortlink":"https:\/\/wp.me\/P2YQ24-1w","jetpack_likes_enabled":false,"_links":{"self":[{"href":"https:\/\/www.pensionduboisaban.be\/index.php?rest_route=\/wp\/v2\/pages\/94","targetHints":{"allow":["GET"]}}],"collection":[{"href":"https:\/\/www.pensionduboisaban.be\/index.php?rest_route=\/wp\/v2\/pages"}],"about":[{"href":"https:\/\/www.pensionduboisaban.be\/index.php?rest_route=\/wp\/v2\/types\/page"}],"author":[{"embeddable":true,"href":"https:\/\/www.pensionduboisaban.be\/index.php?rest_route=\/wp\/v2\/users\/1"}],"replies":[{"embeddable":true,"href":"https:\/\/www.pensionduboisaban.be\/index.php?rest_route=%2Fwp%2Fv2%2Fcomments&post=94"}],"version-history":[{"count":47,"href":"https:\/\/www.pensionduboisaban.be\/index.php?rest_route=\/wp\/v2\/pages\/94\/revisions"}],"predecessor-version":[{"id":1322,"href":"https:\/\/www.pensionduboisaban.be\/index.php?rest_route=\/wp\/v2\/pages\/94\/revisions\/1322"}],"wp:attachment":[{"href":"https:\/\/www.pensionduboisaban.be\/index.php?rest_route=%2Fwp%2Fv2%2Fmedia&parent=94"}],"curies":[{"name":"wp","href":"https:\/\/api.w.org\/{rel}","templated":true}]}}