{"id":929,"date":"2017-03-23T22:09:47","date_gmt":"2017-03-23T21:09:47","guid":{"rendered":"http:\/\/www.pensionduboisaban.be\/?page_id=929"},"modified":"2020-03-15T11:45:01","modified_gmt":"2020-03-15T10:45:01","slug":"les-tiques","status":"publish","type":"page","link":"https:\/\/www.pensionduboisaban.be\/?page_id=929","title":{"rendered":"Les tiques"},"content":{"rendered":"<h1><strong><span style=\"color: #0000ff;\"><u>Comment enlever une tique sur votre chien et chat !<\/u><\/span><\/strong><\/h1>\n<p><a href=\"http:\/\/www.pensionduboisaban.be\/?attachment_id=933\" rel=\"attachment wp-att-933\"><img loading=\"lazy\" decoding=\"async\" data-attachment-id=\"933\" data-permalink=\"https:\/\/www.pensionduboisaban.be\/?attachment_id=933\" data-orig-file=\"https:\/\/www.pensionduboisaban.be\/wp-content\/uploads\/2017\/03\/tiques.jpg\" data-orig-size=\"300,226\" data-comments-opened=\"0\" data-image-meta=\"{&quot;aperture&quot;:&quot;0&quot;,&quot;credit&quot;:&quot;&quot;,&quot;camera&quot;:&quot;&quot;,&quot;caption&quot;:&quot;&quot;,&quot;created_timestamp&quot;:&quot;0&quot;,&quot;copyright&quot;:&quot;&quot;,&quot;focal_length&quot;:&quot;0&quot;,&quot;iso&quot;:&quot;0&quot;,&quot;shutter_speed&quot;:&quot;0&quot;,&quot;title&quot;:&quot;&quot;,&quot;orientation&quot;:&quot;0&quot;}\" data-image-title=\"tiques\" data-image-description=\"\" data-image-caption=\"\" data-medium-file=\"https:\/\/www.pensionduboisaban.be\/wp-content\/uploads\/2017\/03\/tiques-300x226.jpg\" data-large-file=\"https:\/\/www.pensionduboisaban.be\/wp-content\/uploads\/2017\/03\/tiques.jpg\" class=\"alignnone size-medium wp-image-933\" src=\"http:\/\/www.pensionduboisaban.be\/wp-content\/uploads\/2017\/03\/tiques-300x226.jpg\" alt=\"\" width=\"300\" height=\"226\" \/><\/a><\/p>\n<h6>Quel propri\u00e9taire de chien ou de chat n&rsquo;a jamais \u00e9t\u00e9 confront\u00e9 \u00e0 la situation d&rsquo;enlever une tique sur son animal?<br \/>\nLes tiques sont des parasites (acariens) qui ont besoin de se fixer sur un h\u00f4te pour se nourrir (de sang).<br \/>\nQuand arrive le beau temps, nos animaux de compagnie peuvent \u00eatre victime de ces parasites.<br \/>\nLa tique se fixe gr\u00e2ce \u00e0 son rostre qu&rsquo;il plante dans la peau de son h\u00f4te. Voici une image qui illustre cette \u00e9tape :<\/h6>\n<p><a href=\"http:\/\/www.pensionduboisaban.be\/?attachment_id=934\" rel=\"attachment wp-att-934\"><img loading=\"lazy\" decoding=\"async\" data-attachment-id=\"934\" data-permalink=\"https:\/\/www.pensionduboisaban.be\/?attachment_id=934\" data-orig-file=\"https:\/\/www.pensionduboisaban.be\/wp-content\/uploads\/2017\/03\/tiques1.jpg\" data-orig-size=\"297,300\" data-comments-opened=\"0\" data-image-meta=\"{&quot;aperture&quot;:&quot;0&quot;,&quot;credit&quot;:&quot;&quot;,&quot;camera&quot;:&quot;&quot;,&quot;caption&quot;:&quot;&quot;,&quot;created_timestamp&quot;:&quot;0&quot;,&quot;copyright&quot;:&quot;&quot;,&quot;focal_length&quot;:&quot;0&quot;,&quot;iso&quot;:&quot;0&quot;,&quot;shutter_speed&quot;:&quot;0&quot;,&quot;title&quot;:&quot;&quot;,&quot;orientation&quot;:&quot;0&quot;}\" data-image-title=\"tiques1\" data-image-description=\"\" data-image-caption=\"\" data-medium-file=\"https:\/\/www.pensionduboisaban.be\/wp-content\/uploads\/2017\/03\/tiques1-297x300.jpg\" data-large-file=\"https:\/\/www.pensionduboisaban.be\/wp-content\/uploads\/2017\/03\/tiques1.jpg\" class=\"alignnone size-medium wp-image-934\" src=\"http:\/\/www.pensionduboisaban.be\/wp-content\/uploads\/2017\/03\/tiques1-297x300.jpg\" alt=\"\" width=\"297\" height=\"300\" \/><\/a><\/p>\n<p>Voici une autre image de cet organe (le rostre) implant\u00e9 dans la peau, on comprend mieux maintenant pourquoi ce rostre est tr\u00e8s tenace car il est solidement incrust\u00e9. Vous comprenez aussi maintenant pourquoi une partie \u00ab\u00a0de la t\u00eate\u00a0\u00bb reste dans la peau si l&rsquo;extraction de la tique a \u00e9t\u00e9 mal effectu\u00e9e.<\/p>\n<p><a href=\"http:\/\/www.pensionduboisaban.be\/?attachment_id=935\" rel=\"attachment wp-att-935\"><img loading=\"lazy\" decoding=\"async\" data-attachment-id=\"935\" data-permalink=\"https:\/\/www.pensionduboisaban.be\/?attachment_id=935\" data-orig-file=\"https:\/\/www.pensionduboisaban.be\/wp-content\/uploads\/2017\/03\/tiques2.jpg\" data-orig-size=\"198,300\" data-comments-opened=\"0\" data-image-meta=\"{&quot;aperture&quot;:&quot;0&quot;,&quot;credit&quot;:&quot;&quot;,&quot;camera&quot;:&quot;&quot;,&quot;caption&quot;:&quot;&quot;,&quot;created_timestamp&quot;:&quot;0&quot;,&quot;copyright&quot;:&quot;&quot;,&quot;focal_length&quot;:&quot;0&quot;,&quot;iso&quot;:&quot;0&quot;,&quot;shutter_speed&quot;:&quot;0&quot;,&quot;title&quot;:&quot;&quot;,&quot;orientation&quot;:&quot;0&quot;}\" data-image-title=\"tiques2\" data-image-description=\"\" data-image-caption=\"\" data-medium-file=\"https:\/\/www.pensionduboisaban.be\/wp-content\/uploads\/2017\/03\/tiques2-198x300.jpg\" data-large-file=\"https:\/\/www.pensionduboisaban.be\/wp-content\/uploads\/2017\/03\/tiques2.jpg\" class=\"alignnone size-medium wp-image-935\" src=\"http:\/\/www.pensionduboisaban.be\/wp-content\/uploads\/2017\/03\/tiques2-198x300.jpg\" alt=\"\" width=\"198\" height=\"300\" \/><\/a><\/p>\n<p>N&rsquo;oubliez pas que la tique peut \u00eatre responsable de transmissions de maladie redoutables pour le chien et chat :<\/p>\n<p><u>Chien :<\/u><\/p>\n<ol>\n<li><strong>Erlichiose<\/strong><\/li>\n<li><strong>Bab\u00e9siose (Piroplasmose)<\/strong><\/li>\n<li><strong>La maladie de Lyme (borrelia)<\/strong><\/li>\n<li><strong>Paralysie de la tique<\/strong><\/li>\n<\/ol>\n<p><u>Chat:<\/u><\/p>\n<ol>\n<li><strong>Hemobartonellose<\/strong><\/li>\n<\/ol>\n<p><strong>Alors que faire en pr\u00e9sence d&rsquo;une tique sur votre animal?<\/strong><\/p>\n<h6>Durant ma pratique, j&rsquo;ai d\u00e9j\u00e0 vu et entendu toutes sortes \u00ab\u00a0d&rsquo;astuces ou trucs\u00a0\u00bb pour enlever une tique.<\/h6>\n<h6>Par exemple, l\u2019\u00e9ther, ou l&rsquo;alcool \u00e0 br\u00fbler, ou le briquet (si, si, v\u00e9ridique) ou la pince \u00e0 \u00e9piler .Bref toutes ces m\u00e9thodes ne sont pas bonnes et ne doivent pas \u00eatre utilis\u00e9es sous peine d&rsquo;aggraver la situation.<\/h6>\n<h4><\/h4>\n<h4>La seule m\u00e9thode valable est d&rsquo;utiliser le \u00ab\u00a0<strong> CROCHET A TIQUE<\/strong>\u00ab\u00a0<\/h4>\n<p><a href=\"http:\/\/www.pensionduboisaban.be\/?attachment_id=936\" rel=\"attachment wp-att-936\"><img loading=\"lazy\" decoding=\"async\" data-attachment-id=\"936\" data-permalink=\"https:\/\/www.pensionduboisaban.be\/?attachment_id=936\" data-orig-file=\"https:\/\/www.pensionduboisaban.be\/wp-content\/uploads\/2017\/03\/tiques3.jpg\" data-orig-size=\"300,215\" data-comments-opened=\"0\" data-image-meta=\"{&quot;aperture&quot;:&quot;0&quot;,&quot;credit&quot;:&quot;&quot;,&quot;camera&quot;:&quot;&quot;,&quot;caption&quot;:&quot;&quot;,&quot;created_timestamp&quot;:&quot;0&quot;,&quot;copyright&quot;:&quot;&quot;,&quot;focal_length&quot;:&quot;0&quot;,&quot;iso&quot;:&quot;0&quot;,&quot;shutter_speed&quot;:&quot;0&quot;,&quot;title&quot;:&quot;&quot;,&quot;orientation&quot;:&quot;0&quot;}\" data-image-title=\"tiques3\" data-image-description=\"\" data-image-caption=\"\" data-medium-file=\"https:\/\/www.pensionduboisaban.be\/wp-content\/uploads\/2017\/03\/tiques3-300x215.jpg\" data-large-file=\"https:\/\/www.pensionduboisaban.be\/wp-content\/uploads\/2017\/03\/tiques3.jpg\" class=\"alignnone size-medium wp-image-936\" src=\"http:\/\/www.pensionduboisaban.be\/wp-content\/uploads\/2017\/03\/tiques3-300x215.jpg\" alt=\"\" width=\"300\" height=\"215\" \/><\/a><\/p>\n<h6>Ce crochet (crochet O\u2019TOM) est un formidable outil qui permet d&rsquo;enlever la tique tr\u00e8s facilement!<\/h6>\n<h6>Choisir le crochet le plus appropri\u00e9 en fonction de la taille de la tique!<\/h6>\n<h6><strong>Avantages du crochet.<\/strong><\/h6>\n<ul>\n<li>\n<h6>Il ne laisse pas le rostre (la t\u00eate) de la tique plant\u00e9 dans la peau.<\/h6>\n<\/li>\n<li>\n<h6>Il permet un retrait rapide, facile et sans douleur.<\/h6>\n<\/li>\n<li>\n<h6>Il enl\u00e8ve toutes les tiques, quelle que soit leur taille.<\/h6>\n<\/li>\n<li>\n<h6>Il est incassable, r\u00e9sistant et r\u00e9utilisable ind\u00e9\ufb01niment.<\/h6>\n<\/li>\n<li>\n<h6>il ne comprime pas l&rsquo;abdomen de la tique lors du retrait ainsi aucun risque de transmission de maladies.<\/h6>\n<\/li>\n<\/ul>\n<h6><strong>\u00a0Conseil :<\/strong><\/h6>\n<h6>Pour la saison des parasites (tiques et puces)<\/h6>\n<ul>\n<li>\n<h6>de traiter votre animal avec un <strong>bon antiparasitaire (<\/strong><a href=\"http:\/\/conseilsveterinaire.com\/frontline-combo-un-antiparasitaire-externe-efficace-pour-chien\/\">Frontline combo<\/a> par exemple)<\/h6>\n<\/li>\n<\/ul>\n<h6>Pour les races de chiens \u00e0 poils longs, je vous conseille de faire un toilettage (coupe courte) pour pouvoir surveiller mieux le chien aux retours des ballades<\/h6>\n<p>&nbsp;<\/p>\n<p><a href=\"http:\/\/www.pensionduboisaban.be\/?attachment_id=938\" rel=\"attachment wp-att-938\"><img loading=\"lazy\" decoding=\"async\" data-attachment-id=\"938\" data-permalink=\"https:\/\/www.pensionduboisaban.be\/?attachment_id=938\" data-orig-file=\"https:\/\/www.pensionduboisaban.be\/wp-content\/uploads\/2017\/03\/tiques10.jpg\" data-orig-size=\"394,557\" data-comments-opened=\"0\" data-image-meta=\"{&quot;aperture&quot;:&quot;0&quot;,&quot;credit&quot;:&quot;&quot;,&quot;camera&quot;:&quot;&quot;,&quot;caption&quot;:&quot;&quot;,&quot;created_timestamp&quot;:&quot;0&quot;,&quot;copyright&quot;:&quot;&quot;,&quot;focal_length&quot;:&quot;0&quot;,&quot;iso&quot;:&quot;0&quot;,&quot;shutter_speed&quot;:&quot;0&quot;,&quot;title&quot;:&quot;&quot;,&quot;orientation&quot;:&quot;0&quot;}\" data-image-title=\"tiques10\" data-image-description=\"\" data-image-caption=\"\" data-medium-file=\"https:\/\/www.pensionduboisaban.be\/wp-content\/uploads\/2017\/03\/tiques10-212x300.jpg\" data-large-file=\"https:\/\/www.pensionduboisaban.be\/wp-content\/uploads\/2017\/03\/tiques10.jpg\" class=\"alignnone wp-image-938\" src=\"http:\/\/www.pensionduboisaban.be\/wp-content\/uploads\/2017\/03\/tiques10-212x300.jpg\" alt=\"\" width=\"596\" height=\"837\" \/><\/a><a href=\"http:\/\/www.pensionduboisaban.be\/?attachment_id=939\" rel=\"attachment wp-att-939\"><img loading=\"lazy\" decoding=\"async\" data-attachment-id=\"939\" data-permalink=\"https:\/\/www.pensionduboisaban.be\/?attachment_id=939\" data-orig-file=\"https:\/\/www.pensionduboisaban.be\/wp-content\/uploads\/2017\/03\/retirer-une-tique.jpg\" data-orig-size=\"510,510\" data-comments-opened=\"0\" data-image-meta=\"{&quot;aperture&quot;:&quot;0&quot;,&quot;credit&quot;:&quot;&quot;,&quot;camera&quot;:&quot;&quot;,&quot;caption&quot;:&quot;&quot;,&quot;created_timestamp&quot;:&quot;0&quot;,&quot;copyright&quot;:&quot;&quot;,&quot;focal_length&quot;:&quot;0&quot;,&quot;iso&quot;:&quot;0&quot;,&quot;shutter_speed&quot;:&quot;0&quot;,&quot;title&quot;:&quot;&quot;,&quot;orientation&quot;:&quot;0&quot;}\" data-image-title=\"retirer-une-tique\" data-image-description=\"\" data-image-caption=\"\" data-medium-file=\"https:\/\/www.pensionduboisaban.be\/wp-content\/uploads\/2017\/03\/retirer-une-tique-300x300.jpg\" data-large-file=\"https:\/\/www.pensionduboisaban.be\/wp-content\/uploads\/2017\/03\/retirer-une-tique.jpg\" class=\"alignnone wp-image-939\" src=\"http:\/\/www.pensionduboisaban.be\/wp-content\/uploads\/2017\/03\/retirer-une-tique-300x300.jpg\" alt=\"\" width=\"690\" height=\"690\" srcset=\"https:\/\/www.pensionduboisaban.be\/wp-content\/uploads\/2017\/03\/retirer-une-tique-300x300.jpg 300w, https:\/\/www.pensionduboisaban.be\/wp-content\/uploads\/2017\/03\/retirer-une-tique-150x150.jpg 150w, https:\/\/www.pensionduboisaban.be\/wp-content\/uploads\/2017\/03\/retirer-une-tique.jpg 510w\" sizes=\"auto, (max-width: 690px) 100vw, 690px\" \/><\/a><a href=\"http:\/\/www.pensionduboisaban.be\/?attachment_id=940\" rel=\"attachment wp-att-940\"><img loading=\"lazy\" decoding=\"async\" data-attachment-id=\"940\" data-permalink=\"https:\/\/www.pensionduboisaban.be\/?attachment_id=940\" data-orig-file=\"https:\/\/www.pensionduboisaban.be\/wp-content\/uploads\/2017\/03\/image2.png\" data-orig-size=\"800,800\" data-comments-opened=\"0\" data-image-meta=\"{&quot;aperture&quot;:&quot;0&quot;,&quot;credit&quot;:&quot;&quot;,&quot;camera&quot;:&quot;&quot;,&quot;caption&quot;:&quot;&quot;,&quot;created_timestamp&quot;:&quot;0&quot;,&quot;copyright&quot;:&quot;&quot;,&quot;focal_length&quot;:&quot;0&quot;,&quot;iso&quot;:&quot;0&quot;,&quot;shutter_speed&quot;:&quot;0&quot;,&quot;title&quot;:&quot;&quot;,&quot;orientation&quot;:&quot;0&quot;}\" data-image-title=\"image2\" data-image-description=\"\" data-image-caption=\"\" data-medium-file=\"https:\/\/www.pensionduboisaban.be\/wp-content\/uploads\/2017\/03\/image2-300x300.png\" data-large-file=\"https:\/\/www.pensionduboisaban.be\/wp-content\/uploads\/2017\/03\/image2.png\" class=\"alignnone wp-image-940\" src=\"http:\/\/www.pensionduboisaban.be\/wp-content\/uploads\/2017\/03\/image2-300x300.png\" alt=\"\" width=\"705\" height=\"705\" srcset=\"https:\/\/www.pensionduboisaban.be\/wp-content\/uploads\/2017\/03\/image2-300x300.png 300w, https:\/\/www.pensionduboisaban.be\/wp-content\/uploads\/2017\/03\/image2-150x150.png 150w, https:\/\/www.pensionduboisaban.be\/wp-content\/uploads\/2017\/03\/image2-768x768.png 768w, https:\/\/www.pensionduboisaban.be\/wp-content\/uploads\/2017\/03\/image2.png 800w\" sizes=\"auto, (max-width: 705px) 100vw, 705px\" \/><\/a><\/p>\n<div class=\"fcbkbttn_buttons_block\" id=\"fcbkbttn_left\"><div class=\"fcbkbttn_like \"><fb:like href=\"https:\/\/www.pensionduboisaban.be\/?page_id=929\" action=\"like\" colorscheme=\"light\" layout=\"button_count\"  size=\"small\"><\/fb:like><\/div><\/div>","protected":false},"excerpt":{"rendered":"<p>Comment enlever une tique sur votre chien et chat ! Quel propri\u00e9taire de chien ou de chat n&rsquo;a jamais \u00e9t\u00e9 confront\u00e9 \u00e0 la situation d&rsquo;enlever une tique sur son animal? Les tiques sont des parasites (acariens) qui ont besoin de &hellip; <a href=\"https:\/\/www.pensionduboisaban.be\/?page_id=929\">Continuer la lecture <span class=\"meta-nav\">&rarr;<\/span><\/a><\/p>\n","protected":false},"author":1,"featured_media":0,"parent":24,"menu_order":7,"comment_status":"closed","ping_status":"closed","template":"","meta":{"jetpack_post_was_ever_published":false,"footnotes":""},"class_list":["post-929","page","type-page","status-publish","hentry"],"jetpack_sharing_enabled":true,"jetpack_shortlink":"https:\/\/wp.me\/P2YQ24-eZ","jetpack_likes_enabled":false,"_links":{"self":[{"href":"https:\/\/www.pensionduboisaban.be\/index.php?rest_route=\/wp\/v2\/pages\/929","targetHints":{"allow":["GET"]}}],"collection":[{"href":"https:\/\/www.pensionduboisaban.be\/index.php?rest_route=\/wp\/v2\/pages"}],"about":[{"href":"https:\/\/www.pensionduboisaban.be\/index.php?rest_route=\/wp\/v2\/types\/page"}],"author":[{"embeddable":true,"href":"https:\/\/www.pensionduboisaban.be\/index.php?rest_route=\/wp\/v2\/users\/1"}],"replies":[{"embeddable":true,"href":"https:\/\/www.pensionduboisaban.be\/index.php?rest_route=%2Fwp%2Fv2%2Fcomments&post=929"}],"version-history":[{"count":6,"href":"https:\/\/www.pensionduboisaban.be\/index.php?rest_route=\/wp\/v2\/pages\/929\/revisions"}],"predecessor-version":[{"id":977,"href":"https:\/\/www.pensionduboisaban.be\/index.php?rest_route=\/wp\/v2\/pages\/929\/revisions\/977"}],"up":[{"embeddable":true,"href":"https:\/\/www.pensionduboisaban.be\/index.php?rest_route=\/wp\/v2\/pages\/24"}],"wp:attachment":[{"href":"https:\/\/www.pensionduboisaban.be\/index.php?rest_route=%2Fwp%2Fv2%2Fmedia&parent=929"}],"curies":[{"name":"wp","href":"https:\/\/api.w.org\/{rel}","templated":true}]}}