{"id":8,"date":"2012-12-14T22:40:26","date_gmt":"2012-12-14T21:40:26","guid":{"rendered":"http:\/\/cluster015.ovh.net\/~pensionbo\/?page_id=8"},"modified":"2025-08-03T13:03:15","modified_gmt":"2025-08-03T12:03:15","slug":"contact","status":"publish","type":"page","link":"https:\/\/www.pensionduboisaban.be\/?page_id=8","title":{"rendered":"Acc\u00e8s"},"content":{"rendered":"<table id=\"acces\">\n<tbody>\n<tr>\n<td><iframe loading=\"lazy\" style=\"border: 0px currentColor;\" src=\"https:\/\/www.google.com\/maps\/embed?pb=!1m22!1m12!1m3!1d164627.97082855535!2d5.281630222399094!3d49.85538279023753!2m3!1f0!2f0!3f0!3m2!1i1024!2i768!4f13.1!4m7!1i0!3e6!4m0!4m3!3m2!1d49.8614141!2d5.1596969999999995!5e0!3m2!1sfr!2sbe!4v1419005935748\" width=\"600\" height=\"450\" frameborder=\"0\"><\/iframe><\/p>\n<h5 style=\"text-align: center;\"><strong>Sur rendez-vous, ouvert tous les jours de 9h00 \u00e0 10h30 et de 17h00 \u00e0 19h00. <\/strong><\/h5>\n<h5 style=\"text-align: center;\"><strong>Les dimanches et jours f\u00e9ri\u00e9s de 9h00 \u00e0 9h30.<\/strong><\/h5>\n<p style=\"text-align: center;\"><strong>\u00a0Chemin du Bois \u00e0 Ban, 14<\/strong><\/p>\n<p style=\"text-align: center;\"><strong>6856 FAYS-LES-VENEURS<\/strong><\/p>\n<p style=\"text-align: center;\"><strong>Murielle :\u00a0 0032(0)495-64.44.37<\/strong><\/p>\n<h1 style=\"text-align: center;\"><strong>Belfius bank : BE50 0688 8949 8818<\/strong><\/h1>\n<h1 style=\"text-align: center;\">\u00a0<strong> BNP Paribas Fortis : BE31 0015 5245 1755<\/strong><\/h1>\n<p style=\"text-align: center;\"><strong>N\u00b0 d\u2019agr\u00e9ment DF 40800003<br \/>\n<\/strong><\/p>\n<\/td>\n<\/tr>\n<\/tbody>\n<\/table>\n<div class=\"fcbkbttn_buttons_block\" id=\"fcbkbttn_left\"><div class=\"fcbkbttn_like \"><fb:like href=\"https:\/\/www.pensionduboisaban.be\/?page_id=8\" action=\"like\" colorscheme=\"light\" layout=\"button_count\"  size=\"small\"><\/fb:like><\/div><\/div>","protected":false},"excerpt":{"rendered":"<p>Sur rendez-vous, ouvert tous les jours de 9h00 \u00e0 10h30 et de 17h00 \u00e0 19h00. Les dimanches et jours f\u00e9ri\u00e9s de 9h00 \u00e0 9h30. \u00a0Chemin du Bois \u00e0 Ban, 14 6856 FAYS-LES-VENEURS Murielle :\u00a0 0032(0)495-64.44.37 Belfius bank : BE50 0688 &hellip; <a href=\"https:\/\/www.pensionduboisaban.be\/?page_id=8\">Continuer la lecture <span class=\"meta-nav\">&rarr;<\/span><\/a><\/p>\n","protected":false},"author":1,"featured_media":0,"parent":94,"menu_order":2,"comment_status":"closed","ping_status":"closed","template":"","meta":{"jetpack_post_was_ever_published":false,"footnotes":""},"class_list":["post-8","page","type-page","status-publish","hentry"],"jetpack_sharing_enabled":true,"jetpack_shortlink":"https:\/\/wp.me\/P2YQ24-8","jetpack_likes_enabled":false,"_links":{"self":[{"href":"https:\/\/www.pensionduboisaban.be\/index.php?rest_route=\/wp\/v2\/pages\/8","targetHints":{"allow":["GET"]}}],"collection":[{"href":"https:\/\/www.pensionduboisaban.be\/index.php?rest_route=\/wp\/v2\/pages"}],"about":[{"href":"https:\/\/www.pensionduboisaban.be\/index.php?rest_route=\/wp\/v2\/types\/page"}],"author":[{"embeddable":true,"href":"https:\/\/www.pensionduboisaban.be\/index.php?rest_route=\/wp\/v2\/users\/1"}],"replies":[{"embeddable":true,"href":"https:\/\/www.pensionduboisaban.be\/index.php?rest_route=%2Fwp%2Fv2%2Fcomments&post=8"}],"version-history":[{"count":37,"href":"https:\/\/www.pensionduboisaban.be\/index.php?rest_route=\/wp\/v2\/pages\/8\/revisions"}],"predecessor-version":[{"id":1323,"href":"https:\/\/www.pensionduboisaban.be\/index.php?rest_route=\/wp\/v2\/pages\/8\/revisions\/1323"}],"up":[{"embeddable":true,"href":"https:\/\/www.pensionduboisaban.be\/index.php?rest_route=\/wp\/v2\/pages\/94"}],"wp:attachment":[{"href":"https:\/\/www.pensionduboisaban.be\/index.php?rest_route=%2Fwp%2Fv2%2Fmedia&parent=8"}],"curies":[{"name":"wp","href":"https:\/\/api.w.org\/{rel}","templated":true}]}}