{"id":374,"date":"2013-05-29T22:50:31","date_gmt":"2013-05-29T21:50:31","guid":{"rendered":"http:\/\/www.pensionduboisaban.be\/?page_id=374"},"modified":"2025-07-13T11:10:44","modified_gmt":"2025-07-13T10:10:44","slug":"liens","status":"publish","type":"page","link":"https:\/\/www.pensionduboisaban.be\/?page_id=374","title":{"rendered":"Partenaires"},"content":{"rendered":"<h3><strong>CABINET VETERINAIRES<\/strong><\/h3>\n<h3><strong>DE CLERCK Erik<\/strong><\/h3>\n<h3><strong>LADURON Julie<\/strong><\/h3>\n<h3>adresse rue d&rsquo;offagne, 31<\/h3>\n<h3>6850 Paliseul<\/h3>\n<h3>telephone 061\/31.45.02<\/h3>\n<hr \/>\n<p><a href=\"http:\/\/www.pensionduboisaban.be\/?attachment_id=479\" rel=\"attachment wp-att-479\"><img loading=\"lazy\" decoding=\"async\" data-attachment-id=\"479\" data-permalink=\"https:\/\/www.pensionduboisaban.be\/?attachment_id=479\" data-orig-file=\"https:\/\/www.pensionduboisaban.be\/wp-content\/uploads\/2013\/05\/Main_logo.jpg\" data-orig-size=\"1000,213\" data-comments-opened=\"0\" data-image-meta=\"{&quot;aperture&quot;:&quot;0&quot;,&quot;credit&quot;:&quot;&quot;,&quot;camera&quot;:&quot;&quot;,&quot;caption&quot;:&quot;&quot;,&quot;created_timestamp&quot;:&quot;0&quot;,&quot;copyright&quot;:&quot;&quot;,&quot;focal_length&quot;:&quot;0&quot;,&quot;iso&quot;:&quot;0&quot;,&quot;shutter_speed&quot;:&quot;0&quot;,&quot;title&quot;:&quot;&quot;}\" data-image-title=\"Main_logo\" data-image-description=\"\" data-image-caption=\"\" data-medium-file=\"https:\/\/www.pensionduboisaban.be\/wp-content\/uploads\/2013\/05\/Main_logo-300x63.jpg\" data-large-file=\"https:\/\/www.pensionduboisaban.be\/wp-content\/uploads\/2013\/05\/Main_logo.jpg\" class=\"alignnone size-medium wp-image-479\" src=\"http:\/\/www.pensionduboisaban.be\/wp-content\/uploads\/2013\/05\/Main_logo-300x63.jpg\" alt=\"Main_logo\" width=\"300\" height=\"63\" srcset=\"https:\/\/www.pensionduboisaban.be\/wp-content\/uploads\/2013\/05\/Main_logo-300x63.jpg 300w, https:\/\/www.pensionduboisaban.be\/wp-content\/uploads\/2013\/05\/Main_logo.jpg 1000w\" sizes=\"auto, (max-width: 300px) 100vw, 300px\" \/><\/a><\/p>\n<address><hr \/><\/address>\n\n\n<h2 class=\"wp-block-heading\">Salon de toilettage Bubble Dog  \u00e0 Libin<\/h2>\n\n\n\n<figure data-carousel-extra='{\"blog_id\":1,\"permalink\":\"https:\\\/\\\/www.pensionduboisaban.be\\\/?page_id=374\"}'  class=\"wp-block-gallery has-nested-images columns-default is-cropped wp-block-gallery-1 is-layout-flex wp-block-gallery-is-layout-flex\">\n<figure class=\"wp-block-image size-large\"><img loading=\"lazy\" decoding=\"async\" width=\"960\" height=\"949\" data-attachment-id=\"1294\" data-permalink=\"https:\/\/www.pensionduboisaban.be\/?attachment_id=1294\" data-orig-file=\"https:\/\/www.pensionduboisaban.be\/wp-content\/uploads\/2025\/07\/269604421_1793925037469659_1750269831742009407_n-1.jpg\" data-orig-size=\"960,949\" data-comments-opened=\"0\" data-image-meta=\"{&quot;aperture&quot;:&quot;0&quot;,&quot;credit&quot;:&quot;&quot;,&quot;camera&quot;:&quot;&quot;,&quot;caption&quot;:&quot;&quot;,&quot;created_timestamp&quot;:&quot;0&quot;,&quot;copyright&quot;:&quot;&quot;,&quot;focal_length&quot;:&quot;0&quot;,&quot;iso&quot;:&quot;0&quot;,&quot;shutter_speed&quot;:&quot;0&quot;,&quot;title&quot;:&quot;&quot;,&quot;orientation&quot;:&quot;0&quot;}\" data-image-title=\"269604421_1793925037469659_1750269831742009407_n\" data-image-description=\"\" data-image-caption=\"\" data-medium-file=\"https:\/\/www.pensionduboisaban.be\/wp-content\/uploads\/2025\/07\/269604421_1793925037469659_1750269831742009407_n-1-300x297.jpg\" data-large-file=\"https:\/\/www.pensionduboisaban.be\/wp-content\/uploads\/2025\/07\/269604421_1793925037469659_1750269831742009407_n-1.jpg\" data-id=\"1294\" src=\"https:\/\/www.pensionduboisaban.be\/wp-content\/uploads\/2025\/07\/269604421_1793925037469659_1750269831742009407_n-1.jpg\" alt=\"\" class=\"wp-image-1294\" srcset=\"https:\/\/www.pensionduboisaban.be\/wp-content\/uploads\/2025\/07\/269604421_1793925037469659_1750269831742009407_n-1.jpg 960w, https:\/\/www.pensionduboisaban.be\/wp-content\/uploads\/2025\/07\/269604421_1793925037469659_1750269831742009407_n-1-300x297.jpg 300w, https:\/\/www.pensionduboisaban.be\/wp-content\/uploads\/2025\/07\/269604421_1793925037469659_1750269831742009407_n-1-768x759.jpg 768w, https:\/\/www.pensionduboisaban.be\/wp-content\/uploads\/2025\/07\/269604421_1793925037469659_1750269831742009407_n-1-303x300.jpg 303w\" sizes=\"auto, (max-width: 960px) 100vw, 960px\" \/><\/figure>\n<\/figure>\n\n\n\n<figure data-carousel-extra='{\"blog_id\":1,\"permalink\":\"https:\\\/\\\/www.pensionduboisaban.be\\\/?page_id=374\"}'  class=\"wp-block-gallery has-nested-images columns-default is-cropped wp-block-gallery-2 is-layout-flex wp-block-gallery-is-layout-flex\">\n<figure class=\"wp-block-image size-large\"><img loading=\"lazy\" decoding=\"async\" width=\"1024\" height=\"614\" data-attachment-id=\"1124\" data-permalink=\"https:\/\/www.pensionduboisaban.be\/?attachment_id=1124\" data-orig-file=\"https:\/\/www.pensionduboisaban.be\/wp-content\/uploads\/2020\/03\/proplan-logo.png\" data-orig-size=\"4256,2554\" data-comments-opened=\"0\" data-image-meta=\"{&quot;aperture&quot;:&quot;0&quot;,&quot;credit&quot;:&quot;&quot;,&quot;camera&quot;:&quot;&quot;,&quot;caption&quot;:&quot;&quot;,&quot;created_timestamp&quot;:&quot;0&quot;,&quot;copyright&quot;:&quot;&quot;,&quot;focal_length&quot;:&quot;0&quot;,&quot;iso&quot;:&quot;0&quot;,&quot;shutter_speed&quot;:&quot;0&quot;,&quot;title&quot;:&quot;&quot;,&quot;orientation&quot;:&quot;0&quot;}\" data-image-title=\"proplan-logo\" data-image-description=\"\" data-image-caption=\"\" data-medium-file=\"https:\/\/www.pensionduboisaban.be\/wp-content\/uploads\/2020\/03\/proplan-logo-300x180.png\" data-large-file=\"https:\/\/www.pensionduboisaban.be\/wp-content\/uploads\/2020\/03\/proplan-logo-1024x614.png\" data-id=\"1124\" src=\"https:\/\/www.pensionduboisaban.be\/wp-content\/uploads\/2020\/03\/proplan-logo-1024x614.png\" alt=\"\" class=\"wp-image-1124\" srcset=\"https:\/\/www.pensionduboisaban.be\/wp-content\/uploads\/2020\/03\/proplan-logo-1024x614.png 1024w, https:\/\/www.pensionduboisaban.be\/wp-content\/uploads\/2020\/03\/proplan-logo-300x180.png 300w, https:\/\/www.pensionduboisaban.be\/wp-content\/uploads\/2020\/03\/proplan-logo-768x461.png 768w, https:\/\/www.pensionduboisaban.be\/wp-content\/uploads\/2020\/03\/proplan-logo-1536x922.png 1536w, https:\/\/www.pensionduboisaban.be\/wp-content\/uploads\/2020\/03\/proplan-logo-2048x1229.png 2048w, https:\/\/www.pensionduboisaban.be\/wp-content\/uploads\/2020\/03\/proplan-logo-500x300.png 500w\" sizes=\"auto, (max-width: 1024px) 100vw, 1024px\" \/><\/figure>\n<\/figure>\n\n\n\n<p><\/p>\n\n\n\n<p><\/p>\n\n\n\n<p><strong>Nous remercions \u00e9galement les v\u00e9t\u00e9rinaires, les cliniques v\u00e9t\u00e9rinaires de la r\u00e9gion, ainsi que les \u00e9tablissements de toilettages qui nous confiances.<\/strong>\u00a0\u00a0<\/p>\n\n\n\n<p><\/p>\n<div class=\"fcbkbttn_buttons_block\" id=\"fcbkbttn_left\"><div class=\"fcbkbttn_like \"><fb:like href=\"https:\/\/www.pensionduboisaban.be\/?page_id=374\" action=\"like\" colorscheme=\"light\" layout=\"button_count\"  size=\"small\"><\/fb:like><\/div><\/div>","protected":false},"excerpt":{"rendered":"<p>CABINET VETERINAIRES DE CLERCK Erik LADURON Julie adresse rue d&rsquo;offagne, 31 6850 Paliseul telephone 061\/31.45.02 Salon de toilettage Bubble Dog \u00e0 Libin Nous remercions \u00e9galement les v\u00e9t\u00e9rinaires, les cliniques v\u00e9t\u00e9rinaires de la r\u00e9gion, ainsi que les \u00e9tablissements de toilettages qui &hellip; <a href=\"https:\/\/www.pensionduboisaban.be\/?page_id=374\">Continuer la lecture <span class=\"meta-nav\">&rarr;<\/span><\/a><\/p>\n","protected":false},"author":1,"featured_media":0,"parent":0,"menu_order":6,"comment_status":"closed","ping_status":"open","template":"","meta":{"jetpack_post_was_ever_published":false,"footnotes":""},"class_list":["post-374","page","type-page","status-publish","hentry"],"jetpack_sharing_enabled":true,"jetpack_shortlink":"https:\/\/wp.me\/P2YQ24-62","jetpack_likes_enabled":false,"_links":{"self":[{"href":"https:\/\/www.pensionduboisaban.be\/index.php?rest_route=\/wp\/v2\/pages\/374","targetHints":{"allow":["GET"]}}],"collection":[{"href":"https:\/\/www.pensionduboisaban.be\/index.php?rest_route=\/wp\/v2\/pages"}],"about":[{"href":"https:\/\/www.pensionduboisaban.be\/index.php?rest_route=\/wp\/v2\/types\/page"}],"author":[{"embeddable":true,"href":"https:\/\/www.pensionduboisaban.be\/index.php?rest_route=\/wp\/v2\/users\/1"}],"replies":[{"embeddable":true,"href":"https:\/\/www.pensionduboisaban.be\/index.php?rest_route=%2Fwp%2Fv2%2Fcomments&post=374"}],"version-history":[{"count":16,"href":"https:\/\/www.pensionduboisaban.be\/index.php?rest_route=\/wp\/v2\/pages\/374\/revisions"}],"predecessor-version":[{"id":1297,"href":"https:\/\/www.pensionduboisaban.be\/index.php?rest_route=\/wp\/v2\/pages\/374\/revisions\/1297"}],"wp:attachment":[{"href":"https:\/\/www.pensionduboisaban.be\/index.php?rest_route=%2Fwp%2Fv2%2Fmedia&parent=374"}],"curies":[{"name":"wp","href":"https:\/\/api.w.org\/{rel}","templated":true}]}}