{"id":371,"date":"2013-05-29T22:49:51","date_gmt":"2013-05-29T21:49:51","guid":{"rendered":"http:\/\/www.pensionduboisaban.be\/?page_id=371"},"modified":"2025-07-13T11:00:29","modified_gmt":"2025-07-13T10:00:29","slug":"livre-dor","status":"publish","type":"page","link":"https:\/\/www.pensionduboisaban.be\/?page_id=371","title":{"rendered":"Livre d&rsquo;or"},"content":{"rendered":"<p><strong>Vous pouvez suivre les avis et les commentaires sur notre page Facebook, sur le lien ci-dessous.<\/strong><\/p>\n<p><strong>N\u2019h\u00e9sitez pas \u00e0 commenter les parutions de vos loulous, de poster un avis sur le s\u00e9jour de votre compagnon.\u00a0<\/strong><\/p>\n<p>https:\/\/www.facebook.com\/pg\/pensionduboisaban\/reviews\/?ref=page_internal<\/p>\n\n\n\n<p><\/p>\n<div class=\"fcbkbttn_buttons_block\" id=\"fcbkbttn_left\"><div class=\"fcbkbttn_like \"><fb:like href=\"https:\/\/www.pensionduboisaban.be\/?page_id=371\" action=\"like\" colorscheme=\"light\" layout=\"button_count\"  size=\"small\"><\/fb:like><\/div><\/div>","protected":false},"excerpt":{"rendered":"<p>Vous pouvez suivre les avis et les commentaires sur notre page Facebook, sur le lien ci-dessous. N\u2019h\u00e9sitez pas \u00e0 commenter les parutions de vos loulous, de poster un avis sur le s\u00e9jour de votre compagnon.\u00a0 https:\/\/www.facebook.com\/pg\/pensionduboisaban\/reviews\/?ref=page_internal<\/p>\n","protected":false},"author":1,"featured_media":0,"parent":0,"menu_order":5,"comment_status":"closed","ping_status":"open","template":"","meta":{"jetpack_post_was_ever_published":false,"footnotes":""},"class_list":["post-371","page","type-page","status-publish","hentry"],"jetpack_sharing_enabled":false,"jetpack_shortlink":"https:\/\/wp.me\/P2YQ24-5Z","jetpack_likes_enabled":false,"_links":{"self":[{"href":"https:\/\/www.pensionduboisaban.be\/index.php?rest_route=\/wp\/v2\/pages\/371","targetHints":{"allow":["GET"]}}],"collection":[{"href":"https:\/\/www.pensionduboisaban.be\/index.php?rest_route=\/wp\/v2\/pages"}],"about":[{"href":"https:\/\/www.pensionduboisaban.be\/index.php?rest_route=\/wp\/v2\/types\/page"}],"author":[{"embeddable":true,"href":"https:\/\/www.pensionduboisaban.be\/index.php?rest_route=\/wp\/v2\/users\/1"}],"replies":[{"embeddable":true,"href":"https:\/\/www.pensionduboisaban.be\/index.php?rest_route=%2Fwp%2Fv2%2Fcomments&post=371"}],"version-history":[{"count":10,"href":"https:\/\/www.pensionduboisaban.be\/index.php?rest_route=\/wp\/v2\/pages\/371\/revisions"}],"predecessor-version":[{"id":1291,"href":"https:\/\/www.pensionduboisaban.be\/index.php?rest_route=\/wp\/v2\/pages\/371\/revisions\/1291"}],"wp:attachment":[{"href":"https:\/\/www.pensionduboisaban.be\/index.php?rest_route=%2Fwp%2Fv2%2Fmedia&parent=371"}],"curies":[{"name":"wp","href":"https:\/\/api.w.org\/{rel}","templated":true}]}}