{"id":22,"date":"2012-12-14T22:39:51","date_gmt":"2012-12-14T21:39:51","guid":{"rendered":"http:\/\/www.pensionduboisaban.be\/?page_id=22"},"modified":"2025-07-13T11:32:26","modified_gmt":"2025-07-13T10:32:26","slug":"qui-sommes-nous","status":"publish","type":"page","link":"https:\/\/www.pensionduboisaban.be\/","title":{"rendered":"Accueil"},"content":{"rendered":"<h6><span style=\"color: #ff0000;\"><strong>Retrouvez toute l&rsquo;actualit\u00e9, les photos, vid\u00e9os de vos loulous, vos commentaires, vos avis, les mises \u00e0 jour et les disponibilit\u00e9s sur le lien ci-dessous :<br \/>\n<\/strong><\/span><\/h6>\n<p style=\"text-align: center;\"><a href=\"https:\/\/www.facebook.com\/pensionduboisaban\/\">https:\/\/www.facebook.com\/pensionduboisaban\/<\/a><\/p>\n<h1><strong>C\u2019est dans une ambiance fa\u00admiliale, passionn\u00e9 et amoureux de la nature et des ani\u00admaux que nous avons ouvert la PENSION DU BOIS A BAN. En d\u00e9cembre 2012, \u00e0 l\u2019or\u00e9e du bois, situ\u00e9e en pleine campagne ardennaise, nous accueillons votre chien ou votre chat dans un cadre verdoyant.<\/strong><\/h1>\n<p style=\"text-align: left;\"><strong>Pour une journ\u00e9e, un week-end, envie de partir en vacances en toute s\u00e9curit\u00e9 en laissant sous bonne garde vos petits compagnons, chien ou chat, petit ou grand, n\u2019h\u00e9sitez pas \u00e0 nous contacter\u00a0! Ceux-ci seront entour\u00e9s\u00a0 des meilleurs soins durant toute la dur\u00e9e de\u00a0leur s\u00e9jour.<\/strong><\/p>\n<p style=\"text-align: left;\">\n<div class=\"fcbkbttn_buttons_block\" id=\"fcbkbttn_left\"><div class=\"fcbkbttn_like \"><fb:like href=\"https:\/\/www.pensionduboisaban.be\/\" action=\"like\" colorscheme=\"light\" layout=\"button_count\"  size=\"small\"><\/fb:like><\/div><\/div>","protected":false},"excerpt":{"rendered":"<p>Retrouvez toute l&rsquo;actualit\u00e9, les photos, vid\u00e9os de vos loulous, vos commentaires, vos avis, les mises \u00e0 jour et les disponibilit\u00e9s sur le lien ci-dessous : https:\/\/www.facebook.com\/pensionduboisaban\/ C\u2019est dans une ambiance fa\u00admiliale, passionn\u00e9 et amoureux de la nature et des ani\u00admaux &hellip; <a href=\"https:\/\/www.pensionduboisaban.be\/\">Continuer la lecture <span class=\"meta-nav\">&rarr;<\/span><\/a><\/p>\n","protected":false},"author":2,"featured_media":0,"parent":0,"menu_order":1,"comment_status":"closed","ping_status":"closed","template":"","meta":{"jetpack_post_was_ever_published":false,"footnotes":""},"class_list":["post-22","page","type-page","status-publish","hentry"],"jetpack_sharing_enabled":true,"jetpack_shortlink":"https:\/\/wp.me\/P2YQ24-m","jetpack_likes_enabled":false,"_links":{"self":[{"href":"https:\/\/www.pensionduboisaban.be\/index.php?rest_route=\/wp\/v2\/pages\/22","targetHints":{"allow":["GET"]}}],"collection":[{"href":"https:\/\/www.pensionduboisaban.be\/index.php?rest_route=\/wp\/v2\/pages"}],"about":[{"href":"https:\/\/www.pensionduboisaban.be\/index.php?rest_route=\/wp\/v2\/types\/page"}],"author":[{"embeddable":true,"href":"https:\/\/www.pensionduboisaban.be\/index.php?rest_route=\/wp\/v2\/users\/2"}],"replies":[{"embeddable":true,"href":"https:\/\/www.pensionduboisaban.be\/index.php?rest_route=%2Fwp%2Fv2%2Fcomments&post=22"}],"version-history":[{"count":31,"href":"https:\/\/www.pensionduboisaban.be\/index.php?rest_route=\/wp\/v2\/pages\/22\/revisions"}],"predecessor-version":[{"id":1308,"href":"https:\/\/www.pensionduboisaban.be\/index.php?rest_route=\/wp\/v2\/pages\/22\/revisions\/1308"}],"wp:attachment":[{"href":"https:\/\/www.pensionduboisaban.be\/index.php?rest_route=%2Fwp%2Fv2%2Fmedia&parent=22"}],"curies":[{"name":"wp","href":"https:\/\/api.w.org\/{rel}","templated":true}]}}