{"id":1011,"date":"2020-03-08T09:21:01","date_gmt":"2020-03-08T08:21:01","guid":{"rendered":"http:\/\/www.pensionduboisaban.be\/?page_id=1011"},"modified":"2025-07-13T13:41:53","modified_gmt":"2025-07-13T12:41:53","slug":"pre-contrat-de-pension","status":"publish","type":"page","link":"https:\/\/www.pensionduboisaban.be\/?page_id=1011","title":{"rendered":"Pr\u00e9-contrat de pension"},"content":{"rendered":"\n<p><strong>Merci de prendre contact au 0495 &#8211; 64 44 95 pour les places et dates de disponibles et d\u2019attendre de recevoir un accord de r\u00e9servation par t\u00e9l\u00e9phone mail, sms ou messenger avant de nous renvoyer le contrat.<\/strong><\/p>\n\n\n\n<p><strong>Ce pr\u00e9-contrat ne fait pas office d&rsquo;inscription mais permet d&rsquo;acc\u00e9l\u00e9rer le traitement des donn\u00e9es.<\/strong><\/p>\n\n\n\n<h1 class=\"wp-block-heading\"><strong>Belfius bank : BE50 0688 8949 8818<\/strong><\/h1>\n\n\n\n<h1 class=\"wp-block-heading\"><strong>BNP Paribas Fortis : BE31 0015 5245 1755<\/strong><\/h1>\n\n\n\n<p><strong>N\u00b0 d\u2019agr\u00e9ment DF40800003<\/strong><\/p>\n\n\n\n<p><strong>La signature d\u00e9finitive se fera sur place le jour de votre arriv\u00e9e.<\/strong><\/p>\n\n\n\n<p class=\"has-text-color has-link-color wp-elements-66530e35ece8b461af72092b9d1eb75b\" style=\"color:#d11919\"><strong>Ne pas imprimer le contrat    !!!    Nous le recevons automatiquement par mail<\/strong>, <strong>une fois rempli et que vous avez cliquer sur envoyer, vous ne recevez pas de confirmation d\u2019envoi, si nous ne l\u2019avons pas re\u00e7u, nous vous le r\u00e9clamerons avant la date de votre r\u00e9servation. <\/strong><\/p>\n\n\n\n<p><\/p>\n\n\n\n<div class=\"wp-block-contact-form-7-contact-form-selector\"><div role=\"form\" class=\"wpcf7\" id=\"wpcf7-f1238-o1\" lang=\"fr-FR\" dir=\"ltr\">\n<div class=\"screen-reader-response\"><p role=\"status\" aria-live=\"polite\" aria-atomic=\"true\"><\/p> <ul><\/ul><\/div>\n<form action=\"\/index.php?rest_route=%2Fwp%2Fv2%2Fpages%2F1011#wpcf7-f1238-o1\" method=\"post\" class=\"wpcf7-form init\" novalidate=\"novalidate\" data-status=\"init\">\n<div style=\"display: none;\">\n<input type=\"hidden\" name=\"_wpcf7\" value=\"1238\" \/>\n<input type=\"hidden\" name=\"_wpcf7_version\" value=\"5.5.6\" \/>\n<input type=\"hidden\" name=\"_wpcf7_locale\" value=\"fr_FR\" \/>\n<input type=\"hidden\" name=\"_wpcf7_unit_tag\" value=\"wpcf7-f1238-o1\" \/>\n<input type=\"hidden\" name=\"_wpcf7_container_post\" value=\"0\" \/>\n<input type=\"hidden\" name=\"_wpcf7_posted_data_hash\" value=\"\" \/>\n<\/div>\n<style type=\"text\/css\">\n    .text{\n    width:50% !important;\n    }\n<\/style>\n<table border=\"1\">\n<tr>\n<th colspan=\"4\">Dur\u00e9e du s\u00e9jour<\/th>\n<\/tr>\n<tr>\n<td colspan=\"2\">Du <span class=\"wpcf7-form-control-wrap date-465\"><input type=\"text\" name=\"date-465\" value=\"\" size=\"40\" class=\"wpcf7-form-control wpcf7-date wpcf7-validates-as-required\" aria-required=\"true\" \/> <\/span><\/td>\n<td colspan=\"2\"> au <span class=\"wpcf7-form-control-wrap date-793\"><input type=\"text\" name=\"date-793\" value=\"\" size=\"40\" class=\"wpcf7-form-control wpcf7-date wpcf7-validates-as-required\" aria-required=\"true\" \/> <\/span> <\/td>\n<\/tr>\n<\/table>\n<table border=\"1\">\n<tr>\n<th colspan=\"6\">Coordonn\u00e9es du propri\u00e9taire de l'animal<\/th>\n<\/tr>\n<tr>\n<td>Nom*<\/td>\n<td width=\"30%\"><span class=\"wpcf7-form-control-wrap nom\"><input type=\"text\" name=\"nom\" value=\"\" size=\"40\" class=\"wpcf7-form-control wpcf7-text wpcf7-validates-as-required\" aria-required=\"true\" aria-invalid=\"false\" \/><\/span><\/td>\n<td>Pr\u00e9nom*<\/td>\n<td width=\"30%\"><span class=\"wpcf7-form-control-wrap prenom\"><input type=\"text\" name=\"prenom\" value=\"\" size=\"40\" class=\"wpcf7-form-control wpcf7-text wpcf7-validates-as-required\" aria-required=\"true\" aria-invalid=\"false\" \/><\/span><\/td>\n<\/tr>\n<tr>\n<td>Adresse*<\/td>\n<td width=\"30%\" colspan=\"2\"> <span class=\"wpcf7-form-control-wrap adresse\"><input type=\"text\" name=\"adresse\" value=\"\" size=\"40\" class=\"wpcf7-form-control wpcf7-text wpcf7-validates-as-required\" id=\"adress\" aria-required=\"true\" aria-invalid=\"false\" \/><\/span> <\/td>\n<td>N\u00b0* <span class=\"wpcf7-form-control-wrap numero\"><input type=\"text\" name=\"numero\" value=\"\" size=\"40\" class=\"wpcf7-form-control wpcf7-text wpcf7-validates-as-required\" id=\"num\" aria-required=\"true\" aria-invalid=\"false\" \/><\/span><\/td>\n<td>bte<\/td>\n<td><span class=\"wpcf7-form-control-wrap bte\"><input type=\"text\" name=\"bte\" value=\"\" size=\"40\" class=\"wpcf7-form-control wpcf7-text\" id=\"num\" aria-invalid=\"false\" \/><\/span><\/td>\n<\/tr>\n<tr>\n<td>CP*<\/td>\n<td><span class=\"wpcf7-form-control-wrap cp\"><input type=\"text\" name=\"cp\" value=\"\" size=\"40\" class=\"wpcf7-form-control wpcf7-text wpcf7-validates-as-required\" aria-required=\"true\" aria-invalid=\"false\" \/><\/span><\/td>\n<td>Ville* <\/td>\n<td colspan=\"3\"><span class=\"wpcf7-form-control-wrap ville\"><input type=\"text\" name=\"ville\" value=\"\" size=\"40\" class=\"wpcf7-form-control wpcf7-text wpcf7-validates-as-required\" aria-required=\"true\" aria-invalid=\"false\" \/><\/span><\/td>\n<\/tr>\n<tr>\n<td>GSM*<\/td>\n<td> <span class=\"wpcf7-form-control-wrap gsm\"><input type=\"text\" name=\"gsm\" value=\"\" size=\"40\" class=\"wpcf7-form-control wpcf7-text wpcf7-validates-as-required\" aria-required=\"true\" aria-invalid=\"false\" \/><\/span> <\/td>\n<td> E-mail*<\/td>\n<td colspan=\"3\"><span class=\"wpcf7-form-control-wrap email\"><input type=\"text\" name=\"email\" value=\"\" size=\"40\" class=\"wpcf7-form-control wpcf7-text wpcf7-validates-as-required\" id=\"email\" aria-required=\"true\" aria-invalid=\"false\" \/><\/span> <\/td>\n<\/tr>\n<\/table>\n<p>    <\/p>\n<table border=\"1\">\n<tr>\n<td colspan=\"6\" class=\"tableau_soustitre\">Personne de contact, apte \u00e0 r\u00e9cup\u00e9rer l'animal en cas de probl\u00e8me<\/td>\n<\/tr>\n<tr>\n<td>Nom*<\/td>\n<td colspan=\"2\"><span class=\"wpcf7-form-control-wrap nom2\"><input type=\"text\" name=\"nom2\" value=\"\" size=\"40\" class=\"wpcf7-form-control wpcf7-text wpcf7-validates-as-required\" aria-required=\"true\" aria-invalid=\"false\" \/><\/span><\/td>\n<td>Pr\u00e9nom*<\/td>\n<td colspan=\"2\"><span class=\"wpcf7-form-control-wrap prenom2\"><input type=\"text\" name=\"prenom2\" value=\"\" size=\"40\" class=\"wpcf7-form-control wpcf7-text wpcf7-validates-as-required\" aria-required=\"true\" aria-invalid=\"false\" \/><\/span><\/td>\n<\/tr>\n<tr><\/tr>\n<p><\/p>\n<tr>\n<td>GSM*<\/td>\n<td><span class=\"wpcf7-form-control-wrap gsm2\"><input type=\"text\" name=\"gsm2\" value=\"\" size=\"40\" class=\"wpcf7-form-control wpcf7-text wpcf7-validates-as-required\" aria-required=\"true\" aria-invalid=\"false\" \/><\/span><\/td>\n<td> <\/td>\n<td><\/td>\n<td> <\/td>\n<td><\/td>\n<\/tr>\n<\/table>\n<p><\/p>\n<table border=\"1\">\n<tr>\n<th colspan=\"6\">Description de l'animal<\/th>\n<\/tr>\n<tr>\n<td>Nom*<\/td>\n<td colspan=\"2\"><span class=\"wpcf7-form-control-wrap nom_animal\"><input type=\"text\" name=\"nom_animal\" value=\"\" size=\"40\" class=\"wpcf7-form-control wpcf7-text wpcf7-validates-as-required\" aria-required=\"true\" aria-invalid=\"false\" \/><\/span><\/td>\n<td>Race*<\/td>\n<td colspan=\"2\"><span class=\"wpcf7-form-control-wrap race\"><input type=\"text\" name=\"race\" value=\"\" size=\"40\" class=\"wpcf7-form-control wpcf7-text wpcf7-validates-as-required\" aria-required=\"true\" aria-invalid=\"false\" \/><\/span><\/td>\n<\/tr>\n<tr>\n<td colspan=\"6\"><span class=\"wpcf7-form-control-wrap radio-425\"><span class=\"wpcf7-form-control wpcf7-radio\"><span class=\"wpcf7-list-item first\"><input type=\"radio\" name=\"radio-425\" value=\"M\u00e2le\" checked=\"checked\" \/><span class=\"wpcf7-list-item-label\">M\u00e2le<\/span><\/span><span class=\"wpcf7-list-item last\"><input type=\"radio\" name=\"radio-425\" value=\"Femelle\" \/><span class=\"wpcf7-list-item-label\">Femelle<\/span><\/span><\/span><\/span><\/td>\n<\/tr>\n<tr>\n<td colspan=\"6\"><b>Les femelles en chaleur ne sont pas accept\u00e9es pendant le s\u00e9jour !<\/b><\/td>\n<\/tr>\n<\/table>\n<table>\n<tr>\n<td colspan=\"4\"><u>Identification tatouage \/ num\u00e9ro puce \u00e9lectronique*<\/u><\/td>\n<td colspan=\"2\"><span class=\"wpcf7-form-control-wrap tatouage\"><input type=\"text\" name=\"tatouage\" value=\"\" size=\"40\" class=\"wpcf7-form-control wpcf7-text wpcf7-validates-as-required\" aria-required=\"true\" aria-invalid=\"false\" \/><\/span><\/td>\n<\/tr>\n<p>    <!--<br \/>\n<tr>\n<td colspan=\"6\" class=\"tableau_soustitre\">Sant\u00e9<\/td>\n<\/tr>\n<p> --><\/p>\n<tr>\n<td colspan=\"6\" ><b>Vaccination du chien ou du chat en r\u00e8gles et \u00e0 jour<\/b>, datant de 1 mois minimum avant leur s\u00e9jour \u00e0 la pension <span class=\"wpcf7-form-control-wrap vaccinationunmoisavant\"><span class=\"wpcf7-form-control wpcf7-checkbox\"><span class=\"wpcf7-list-item first last\"><input type=\"checkbox\" name=\"vaccinationunmoisavant[]\" value=\".\" \/><span class=\"wpcf7-list-item-label\">.<\/span><\/span><\/span><\/span> <\/td>\n<\/tr>\n<tr>\n<td colspan=\"6\" >\n            Comprenant les maladies canines CHLP (Carr\u00e9, H\u00e9patite, Leptospirose, Parvovirose) + la toux des chenils.<br \/>\n            Comprenant les maladies f\u00e9lines (leucose, rhinotrach\u00e9ite, coryza)\n        <\/td>\n<\/tr>\n<tr>\n<td colspan=\"6\">Habitudes alimentaires et nombre de fois par jour<\/td>\n<\/tr>\n<tr>\n<td  colspan=\"6\"><span class=\"wpcf7-form-control-wrap textarea-826\"><textarea name=\"textarea-826\" cols=\"40\" rows=\"2\" class=\"wpcf7-form-control wpcf7-textarea\" aria-invalid=\"false\"><\/textarea><\/span><\/td>\n<\/tr>\n<tr>\n<td  colspan=\"6\">Probl\u00e8me de sant\u00e9* <span class=\"wpcf7-form-control-wrap problemesante\"><span class=\"wpcf7-form-control wpcf7-checkbox wpcf7-validates-as-required\"><span class=\"wpcf7-list-item first\"><input type=\"checkbox\" name=\"problemesante[]\" value=\"Oui\" \/><span class=\"wpcf7-list-item-label\">Oui<\/span><\/span><span class=\"wpcf7-list-item last\"><input type=\"checkbox\" name=\"problemesante[]\" value=\"Non\" \/><span class=\"wpcf7-list-item-label\">Non<\/span><\/span><\/span><\/span><\/td>\n<\/tr>\n<tr>\n<td  colspan=\"6\">Traitements \u00e0 administrer <span class=\"wpcf7-form-control-wrap traitement\"><span class=\"wpcf7-form-control wpcf7-checkbox\"><span class=\"wpcf7-list-item first\"><input type=\"checkbox\" name=\"traitement[]\" value=\"Oui\" \/><span class=\"wpcf7-list-item-label\">Oui<\/span><\/span><span class=\"wpcf7-list-item last\"><input type=\"checkbox\" name=\"traitement[]\" value=\"Non\" \/><span class=\"wpcf7-list-item-label\">Non<\/span><\/span><\/span><\/span><\/td>\n<\/tr>\n<tr>\n<td colspan=\"6\">Derniers traitements re\u00e7us et traitement \u00e0 administrer<\/td>\n<\/tr>\n<tr>\n<td  colspan=\"6\"><span class=\"wpcf7-form-control-wrap textarea-827\"><textarea name=\"textarea-827\" cols=\"40\" rows=\"4\" class=\"wpcf7-form-control wpcf7-textarea\" aria-invalid=\"false\"><\/textarea><\/span><\/td>\n<\/tr>\n<tr>\n<td colspan=\"6\">Objet mis \u00e0 disposition de l'animal et appartenant \u00e0 son propri\u00e9taire<\/td>\n<\/tr>\n<tr>\n<td  colspan=\"6\"><span class=\"wpcf7-form-control-wrap textarea-828\"><textarea name=\"textarea-828\" cols=\"40\" rows=\"4\" class=\"wpcf7-form-control wpcf7-textarea\" aria-invalid=\"false\"><\/textarea><\/span><\/td>\n<\/tr>\n<\/table>\n<table>\n<tr>\n<td>V\u00e9t\u00e9rinaire traitant*<\/td>\n<td colspan=\"3\"><span class=\"wpcf7-form-control-wrap veterinaire\"><input type=\"text\" name=\"veterinaire\" value=\"\" size=\"40\" class=\"wpcf7-form-control wpcf7-text wpcf7-validates-as-required\" id=\"normal\" aria-required=\"true\" aria-invalid=\"false\" \/><\/span><\/td>\n<\/tr>\n<tr>\n<td>Gsm*<\/td>\n<td colspan=\"3\"><span class=\"wpcf7-form-control-wrap gsm_veterinaire\"><input type=\"text\" name=\"gsm_veterinaire\" value=\"\" size=\"40\" class=\"wpcf7-form-control wpcf7-text wpcf7-validates-as-required\" aria-required=\"true\" aria-invalid=\"false\" \/><\/span><\/td>\n<\/tr>\n<tr>\n<td  colspan=\"6\">La pension consultera votre v\u00e9t\u00e9rinaire en cas de probl\u00e8me. Si votre v\u00e9t\u00e9rinaire n'est pas joignable, la pension se r\u00e9serve le droit de faire intervenir le v\u00e9t\u00e9rinaire de son choix.<\/td>\n<\/tr>\n<\/table>\n<p> <b>Tarif journalier applicable \u00e0 partir du 15\/03\/2022 <\/b><\/p>\n<table style=\"width: 100%;font-size: 12px;\" >\n<tbody>\n<tr style=\"height: 23px;\">\n<td style=\"width: 44.4932%; height: 23px;\">1&nbsp;chien : 25.00 &euro; et le 2eme chien : 12.50 &euro;<\/td>\n<td style=\"width: 45.5068%; height: 23px;\">1 chat : 15.00 &euro; et le 2eme chat : 8.00 &euro;<\/td>\n<\/tr>\n<tr style=\"height: 23px;\">\n<td style=\"width: 44.4932%; height: 23px;\">Nourriture chien &lt; 20 kg : 1.50 &euro;<\/td>\n<td style=\"width: 45.5068%; height: 23px;\">Nourriture chien = &gt; &agrave; 20 kg : 2.00 &euro;<\/td>\n<\/tr>\n<tr style=\"height: 23px;\">\n<td style=\"width: 44.4932%; height: 23px;\">&nbsp;<\/td>\n<td style=\"width: 45.5068%; height: 23px;\">&nbsp;<\/td>\n<\/tr>\n<\/tbody>\n<\/table>\n<table>\n<tr>\n<th colspan=\"6\">Autorisations<\/th>\n<\/tr>\n<tr>\n<td colspan=\"4\">Le propri\u00e9taire autorise la pension \u00e0 mettre des photos ou vid\u00e9os de son chien sur le site www.pensionduboisaban.be ou sa page facebook https:\/\/www.facebook.com\/pensionduboisaban\/<\/td>\n<\/tr>\n<tr>\n<td colspan=\"2\"><span class=\"wpcf7-form-control-wrap radio-226\"><span class=\"wpcf7-form-control wpcf7-radio\"><span class=\"wpcf7-list-item first\"><input type=\"radio\" name=\"radio-226\" value=\"Oui\" checked=\"checked\" \/><span class=\"wpcf7-list-item-label\">Oui<\/span><\/span><span class=\"wpcf7-list-item last\"><input type=\"radio\" name=\"radio-226\" value=\"Non\" \/><span class=\"wpcf7-list-item-label\">Non<\/span><\/span><\/span><\/span><\/td>\n<\/tr>\n<tr>\n<td colspan=\"6\">J'accepte les conditions g\u00e9n\u00e9rales suivantes <a href=\"https:\/\/www.pensionduboisaban.be\/cg.pdf\" target=\"_blank\">(visibles en cliquant ici)<\/a> <\/td>\n<\/tr>\n<tr>\n<td colspan=\"2\"><span class=\"wpcf7-form-control-wrap radio-227\"><span class=\"wpcf7-form-control wpcf7-radio\"><span class=\"wpcf7-list-item first last\"><input type=\"radio\" name=\"radio-227\" value=\"J&#039;accepte les conditions\" checked=\"checked\" \/><span class=\"wpcf7-list-item-label\">J&#039;accepte les conditions<\/span><\/span><\/span><\/span><\/td>\n<\/tr>\n<\/table>\n<p><input type=\"submit\" value=\"Envoyer\" class=\"wpcf7-form-control has-spinner wpcf7-submit\" \/><\/p>\n<p style=\"display: none !important;\"><label>&#916;<textarea name=\"_wpcf7_ak_hp_textarea\" cols=\"45\" rows=\"8\" maxlength=\"100\"><\/textarea><\/label><input type=\"hidden\" id=\"ak_js_1\" name=\"_wpcf7_ak_js\" value=\"165\"\/><script>document.getElementById( \"ak_js_1\" ).setAttribute( \"value\", ( new Date() ).getTime() );<\/script><\/p><div class=\"wpcf7-response-output\" aria-hidden=\"true\"><\/div><\/form><\/div><\/div>\n\n\n\n<p><\/p>\n<div class=\"fcbkbttn_buttons_block\" id=\"fcbkbttn_left\"><div class=\"fcbkbttn_like \"><fb:like href=\"https:\/\/www.pensionduboisaban.be\/?page_id=1011\" action=\"like\" colorscheme=\"light\" layout=\"button_count\"  size=\"small\"><\/fb:like><\/div><\/div>","protected":false},"excerpt":{"rendered":"<p>Merci de prendre contact au 0495 &#8211; 64 44 95 pour les places et dates de disponibles et d\u2019attendre de recevoir un accord de r\u00e9servation par t\u00e9l\u00e9phone mail, sms ou messenger avant de nous renvoyer le contrat. Ce pr\u00e9-contrat ne &hellip; <a href=\"https:\/\/www.pensionduboisaban.be\/?page_id=1011\">Continuer la lecture <span class=\"meta-nav\">&rarr;<\/span><\/a><\/p>\n","protected":false},"author":1,"featured_media":0,"parent":0,"menu_order":8,"comment_status":"closed","ping_status":"closed","template":"","meta":{"jetpack_post_was_ever_published":false,"footnotes":""},"class_list":["post-1011","page","type-page","status-publish","hentry"],"jetpack_sharing_enabled":true,"jetpack_shortlink":"https:\/\/wp.me\/P2YQ24-gj","jetpack_likes_enabled":false,"_links":{"self":[{"href":"https:\/\/www.pensionduboisaban.be\/index.php?rest_route=\/wp\/v2\/pages\/1011","targetHints":{"allow":["GET"]}}],"collection":[{"href":"https:\/\/www.pensionduboisaban.be\/index.php?rest_route=\/wp\/v2\/pages"}],"about":[{"href":"https:\/\/www.pensionduboisaban.be\/index.php?rest_route=\/wp\/v2\/types\/page"}],"author":[{"embeddable":true,"href":"https:\/\/www.pensionduboisaban.be\/index.php?rest_route=\/wp\/v2\/users\/1"}],"replies":[{"embeddable":true,"href":"https:\/\/www.pensionduboisaban.be\/index.php?rest_route=%2Fwp%2Fv2%2Fcomments&post=1011"}],"version-history":[{"count":20,"href":"https:\/\/www.pensionduboisaban.be\/index.php?rest_route=\/wp\/v2\/pages\/1011\/revisions"}],"predecessor-version":[{"id":1318,"href":"https:\/\/www.pensionduboisaban.be\/index.php?rest_route=\/wp\/v2\/pages\/1011\/revisions\/1318"}],"wp:attachment":[{"href":"https:\/\/www.pensionduboisaban.be\/index.php?rest_route=%2Fwp%2Fv2%2Fmedia&parent=1011"}],"curies":[{"name":"wp","href":"https:\/\/api.w.org\/{rel}","templated":true}]}}